{"id":436,"date":"2020-11-27T13:25:58","date_gmt":"2020-11-27T12:25:58","guid":{"rendered":"http:\/\/mavisite3d-nord.fr\/?page_id=436"},"modified":"2021-09-17T12:15:19","modified_gmt":"2021-09-17T10:15:19","slug":"culture","status":"publish","type":"page","link":"https:\/\/mavisite3d-nord.fr\/?page_id=436","title":{"rendered":"CULTURE"},"content":{"rendered":"\n<p class=\"has-text-align-center\">Mus\u00e9e, lieu de culte, exposition, faites d\u00e9couvrir notre patrimoine d&rsquo;une mani\u00e8re differentes.<\/p>\n\n\n\n<p class=\"has-text-align-center\">Ci-dessous, l&rsquo;\u00e9glise de la ville de Leers<\/p>\n\n\n\n<iframe loading=\"lazy\" width=\"853\" height=\"480\" src=\"https:\/\/my.matterport.com\/show\/?m=SfLNjkGsdj1\" frameborder=\"0\" allowfullscreen=\"\" allow=\"xr-spatial-tracking\"><\/iframe>\n\n\n\n<p>N&rsquo;h\u00e9sitez pas \u00e0 nous contacter pour tout renseignement ou devis, nous nous ferons une joie de vous r\u00e9pondre.<\/p>\n","protected":false},"excerpt":{"rendered":"<p>Mus\u00e9e, lieu de culte, exposition, faites d\u00e9couvrir notre patrimoine d&rsquo;une mani\u00e8re differentes. Ci-dessous, l&rsquo;\u00e9glise de la ville de Leers N&rsquo;h\u00e9sitez pas \u00e0 nous contacter pour tout renseignement ou devis, nous nous ferons une joie de vous r\u00e9pondre.<\/p>\n","protected":false},"author":1,"featured_media":0,"parent":0,"menu_order":0,"comment_status":"closed","ping_status":"closed","template":"","meta":[],"_links":{"self":[{"href":"https:\/\/mavisite3d-nord.fr\/index.php?rest_route=\/wp\/v2\/pages\/436"}],"collection":[{"href":"https:\/\/mavisite3d-nord.fr\/index.php?rest_route=\/wp\/v2\/pages"}],"about":[{"href":"https:\/\/mavisite3d-nord.fr\/index.php?rest_route=\/wp\/v2\/types\/page"}],"author":[{"embeddable":true,"href":"https:\/\/mavisite3d-nord.fr\/index.php?rest_route=\/wp\/v2\/users\/1"}],"replies":[{"embeddable":true,"href":"https:\/\/mavisite3d-nord.fr\/index.php?rest_route=%2Fwp%2Fv2%2Fcomments&post=436"}],"version-history":[{"count":6,"href":"https:\/\/mavisite3d-nord.fr\/index.php?rest_route=\/wp\/v2\/pages\/436\/revisions"}],"predecessor-version":[{"id":461,"href":"https:\/\/mavisite3d-nord.fr\/index.php?rest_route=\/wp\/v2\/pages\/436\/revisions\/461"}],"wp:attachment":[{"href":"https:\/\/mavisite3d-nord.fr\/index.php?rest_route=%2Fwp%2Fv2%2Fmedia&parent=436"}],"curies":[{"name":"wp","href":"https:\/\/api.w.org\/{rel}","templated":true}]}}