{"id":44,"date":"2020-07-27T19:44:58","date_gmt":"2020-07-27T17:44:58","guid":{"rendered":"http:\/\/mavisite3d-nord.fr\/?page_id=44"},"modified":"2022-03-03T13:18:01","modified_gmt":"2022-03-03T12:18:01","slug":"tarif","status":"publish","type":"page","link":"https:\/\/mavisite3d-nord.fr\/?page_id=44","title":{"rendered":"R\u00e9sidentiel"},"content":{"rendered":"\n<iframe loading=\"lazy\" width=\"853\" height=\"480\" src=\"https:\/\/my.matterport.com\/show\/?m=XkPsJBEnpXC\" frameborder=\"0\" allowfullscreen=\"\" allow=\"xr-spatial-tracking\"><\/iframe>\n\n\n\n<p>&nbsp;&nbsp;Cliquez <img decoding=\"async\" loading=\"lazy\" width=\"1200\" height=\"630\" class=\"wp-image-84\" style=\"width: 50px;\" src=\"http:\/\/mavisite3d-nord.fr\/wp-content\/uploads\/2020\/07\/icone-lecture.png\" alt=\"\" srcset=\"https:\/\/mavisite3d-nord.fr\/wp-content\/uploads\/2020\/07\/icone-lecture.png 1200w, https:\/\/mavisite3d-nord.fr\/wp-content\/uploads\/2020\/07\/icone-lecture-300x158.png 300w, https:\/\/mavisite3d-nord.fr\/wp-content\/uploads\/2020\/07\/icone-lecture-1024x538.png 1024w, https:\/\/mavisite3d-nord.fr\/wp-content\/uploads\/2020\/07\/icone-lecture-768x403.png 768w, https:\/\/mavisite3d-nord.fr\/wp-content\/uploads\/2020\/07\/icone-lecture-114x60.png 114w\" sizes=\"(max-width: 1200px) 100vw, 1200px\" \/> sur pour d\u00e9marrer la visite. Il vous suffit de cliquer sur l\u2019ic\u00f4ne \u00ab&nbsp;Dollhouse&nbsp;\u00bb &nbsp;&nbsp;situ\u00e9 en bas \u00e0 gauche pour acc\u00e9der au mod\u00e8le 3D.<\/p>\n\n\n\n<p><img decoding=\"async\" loading=\"lazy\" width=\"23\" height=\"23\" class=\"wp-image-55\" style=\"width: 23px;\" src=\"http:\/\/mavisite3d-nord.fr\/wp-content\/uploads\/2018\/04\/features-icon2.png\" alt=\"\"><strong>Une formule simple:<\/strong><\/p>\n\n\n\n<p>130\u20ac + 1\u20ac\/m2<\/p>\n\n\n\n<p>Ce prix comprend:<\/p>\n\n\n\n<ul><li>Le d\u00e9placement sur la m\u00e9tropole Lilloise + Belgique (zone Mouscron &#8211; Tournai)<\/li><li>Le scan entier de votre bien + fourniture du lien pour diffuser votre visite<\/li><li>10 photos HDR<\/li><li>10 mattertags<\/li><li>Conservation sur nos serveurs pendant 6 mois<\/li><\/ul>\n\n\n\n<p><strong>OPTION:<\/strong><\/p>\n\n\n\n<ul><li>plan sch\u00e9matique d&rsquo;\u00e9tage 2d : <strong>30\u20ac<\/strong><\/li><li>fichier nuage de point, destin\u00e9 aux architectes pour importation dans des programmes tiers (3DS Max, Autocad&#8230;) : <strong>60\u20ac<\/strong><\/li><\/ul>\n\n\n\n<p><\/p>\n\n\n\n<p><\/p>\n","protected":false},"excerpt":{"rendered":"<p>&nbsp;&nbsp;Cliquez sur pour d\u00e9marrer la visite. Il vous suffit de cliquer sur l\u2019ic\u00f4ne \u00ab&nbsp;Dollhouse&nbsp;\u00bb &nbsp;&nbsp;situ\u00e9 en bas \u00e0 gauche pour acc\u00e9der au mod\u00e8le 3D. Une formule simple: 130\u20ac + 1\u20ac\/m2 Ce prix comprend: Le d\u00e9placement sur la m\u00e9tropole Lilloise + Belgique (zone Mouscron &#8211; Tournai) Le scan entier de votre bien + fourniture du lien &hellip; <\/p>\n","protected":false},"author":1,"featured_media":0,"parent":0,"menu_order":0,"comment_status":"closed","ping_status":"closed","template":"","meta":[],"_links":{"self":[{"href":"https:\/\/mavisite3d-nord.fr\/index.php?rest_route=\/wp\/v2\/pages\/44"}],"collection":[{"href":"https:\/\/mavisite3d-nord.fr\/index.php?rest_route=\/wp\/v2\/pages"}],"about":[{"href":"https:\/\/mavisite3d-nord.fr\/index.php?rest_route=\/wp\/v2\/types\/page"}],"author":[{"embeddable":true,"href":"https:\/\/mavisite3d-nord.fr\/index.php?rest_route=\/wp\/v2\/users\/1"}],"replies":[{"embeddable":true,"href":"https:\/\/mavisite3d-nord.fr\/index.php?rest_route=%2Fwp%2Fv2%2Fcomments&post=44"}],"version-history":[{"count":22,"href":"https:\/\/mavisite3d-nord.fr\/index.php?rest_route=\/wp\/v2\/pages\/44\/revisions"}],"predecessor-version":[{"id":464,"href":"https:\/\/mavisite3d-nord.fr\/index.php?rest_route=\/wp\/v2\/pages\/44\/revisions\/464"}],"wp:attachment":[{"href":"https:\/\/mavisite3d-nord.fr\/index.php?rest_route=%2Fwp%2Fv2%2Fmedia&parent=44"}],"curies":[{"name":"wp","href":"https:\/\/api.w.org\/{rel}","templated":true}]}}